{"id":3457,"date":"2024-07-19T16:26:36","date_gmt":"2024-07-19T19:26:36","guid":{"rendered":"https:\/\/des-cat.infd.edu.ar\/sitio\/?page_id=3457"},"modified":"2024-07-19T16:34:44","modified_gmt":"2024-07-19T19:34:44","slug":"oferta-academica-2024","status":"publish","type":"page","link":"https:\/\/des-cat.infd.edu.ar\/sitio\/oferta-academica-2024\/","title":{"rendered":"OFERTA ACADEMICA 2024"},"content":{"rendered":"<table style=\"border: solid 2px;\" width=\"793\">\n<tbody>\n<tr style=\"background-color: #98fb98;\">\n<td style=\"text-align: center;\" width=\"128\"><strong>INSTITUTO<\/strong><\/td>\n<td style=\"text-align: center;\" width=\"61\"><strong>CUE<\/strong><\/td>\n<td style=\"text-align: center;\" width=\"19\"><strong>N.\u00ba<\/strong><\/td>\n<td style=\"text-align: center;\" width=\"466\"><strong>CARRERAS<\/strong><\/td>\n<td style=\"text-align: center;\" width=\"119\"><strong>ESTRUCTURA CURRICULAR<\/strong><\/td>\n<\/tr>\n<tr>\n<td style=\"text-align: center;\" rowspan=\"7\" width=\"128\">CLARA J. ARMSTRONG<\/td>\n<td rowspan=\"7\">100073300<\/td>\n<td style=\"text-align: center;\">1<\/td>\n<td width=\"466\">Profesorado de Educaci\u00f3n Secundaria en Ciencias Pol\u00edticas<\/td>\n<td>Res. Min. ECyT 117\/14<\/td>\n<\/tr>\n<tr>\n<td style=\"text-align: center;\">2<\/td>\n<td width=\"466\">Profesorado de Educaci\u00f3n Tecnol\u00f3gica<\/td>\n<td>Res. Min. ECyT 117\/14<\/td>\n<\/tr>\n<tr>\n<td style=\"text-align: center;\">3<\/td>\n<td width=\"466\">Profesorado de Educaci\u00f3n Secundaria en Matem\u00e1tica<\/td>\n<td>Res. Min. ECyT 655\/15<\/td>\n<\/tr>\n<tr>\n<td style=\"text-align: center;\">4<\/td>\n<td width=\"466\">Profesorado de Educaci\u00f3n Secundaria en Lengua y Literatura<\/td>\n<td>Res. Min. ECyT 973\/15<\/td>\n<\/tr>\n<tr>\n<td style=\"text-align: center;\">5<\/td>\n<td width=\"466\">Profesorado de Educaci\u00f3n Secundaria en Geograf\u00eda<\/td>\n<td>Res. Min. ECyT 117\/14<\/td>\n<\/tr>\n<tr>\n<td style=\"text-align: center;\">6<\/td>\n<td width=\"466\">Profesorado de Ingl\u00e9s<\/td>\n<td>Res. Min. ECyT 117\/14<\/td>\n<\/tr>\n<tr>\n<td style=\"text-align: center;\">7<\/td>\n<td width=\"466\">Profesorado de Frances<\/td>\n<td>Res. Min. ECyT 085\/19<\/td>\n<\/tr>\n<tr>\n<td style=\"text-align: center;\" rowspan=\"9\" width=\"128\">JUAN MANUEL CHAVARRIA<\/td>\n<td rowspan=\"9\">100063400<\/td>\n<td style=\"text-align: center;\">1<\/td>\n<td>Profesorado de Educaci\u00f3n Especial con Orientaci\u00f3n&nbsp; en discapacidad Ciegos y Disminuidos visuales<\/td>\n<td>Res. Min. ECyT 968\/18<\/td>\n<\/tr>\n<tr>\n<td style=\"text-align: center;\">2<\/td>\n<td>Profesorado de Educaci\u00f3n Especial con Orientaci\u00f3n en Discapacidad Sordos&nbsp; e Hipoac\u00fasicos<\/td>\n<td>Res. Min. ECyT 968\/18<\/td>\n<\/tr>\n<tr>\n<td style=\"text-align: center;\">3<\/td>\n<td>Profesorado de Educaci\u00f3n Especial con Orientaci\u00f3n en Discapacidad Neuro-Motora<\/td>\n<td>Res. Min. ECyT 968\/18<\/td>\n<\/tr>\n<tr>\n<td style=\"text-align: center;\">4<\/td>\n<td>Profesorado de Educaci\u00f3n Especial con Orientaci\u00f3n en Discapacidad Intelectual<\/td>\n<td>Res. Min. ECyT 968\/18<\/td>\n<\/tr>\n<tr>\n<td style=\"text-align: center;\">5<\/td>\n<td width=\"466\">Profesorado de Educaci\u00f3n Secundaria en Historia<\/td>\n<td>Res. Min. ECyT 117\/14<\/td>\n<\/tr>\n<tr>\n<td style=\"text-align: center;\">6<\/td>\n<td width=\"466\">Profesorado de Educaci\u00f3n Secundaria en Qu\u00edmica<\/td>\n<td>Res. Min. ECyT 117\/14<\/td>\n<\/tr>\n<tr>\n<td style=\"text-align: center;\">7<\/td>\n<td>Tecnicatura Superior en Administraci\u00f3n Publica Orientada al Desarrollo Local<\/td>\n<td>Res. Min. ECyT 117\/14<\/td>\n<\/tr>\n<tr>\n<td style=\"text-align: center;\">8<\/td>\n<td>Tecnicatura Superior en Administraci\u00f3n y Gesti\u00f3n de Empresas de Alojamiento y Gastron\u00f3micas<\/td>\n<td>Res. Min. ECyT 1215\/16<\/td>\n<\/tr>\n<tr>\n<td style=\"text-align: center;\">9<\/td>\n<td width=\"466\">Tecnicatura Superior en Turismo<\/td>\n<td>Res. Min. 134\/19<\/td>\n<\/tr>\n<tr>\n<td style=\"text-align: center;\" rowspan=\"3\" width=\"128\">ISTI<\/td>\n<td rowspan=\"3\">100089900<\/td>\n<td style=\"text-align: center;\">1<\/td>\n<td width=\"466\">Tecnicatura Superior en Enfermer\u00eda<\/td>\n<td>Res. Min. ECyT 984\/16<\/td>\n<\/tr>\n<tr>\n<td style=\"text-align: center;\">2<\/td>\n<td width=\"466\">Tecnicatura Superior en Procesos Mineros<\/td>\n<td>Res. Min. ECyT 457\/18<\/td>\n<\/tr>\n<tr>\n<td style=\"text-align: center;\">3<\/td>\n<td width=\"466\">Tecnicatura Superior en Gesti\u00f3n de Energ\u00edas Renovables<\/td>\n<td>Res. Min. ECyT 1266\/16<\/td>\n<\/tr>\n<tr>\n<td style=\"text-align: center;\" rowspan=\"2\" width=\"128\">POLICIAL<\/td>\n<td rowspan=\"2\">100083700<\/td>\n<td style=\"text-align: center;\">1<\/td>\n<td width=\"466\">T.S. en Seguridad P\u00fablica y Ciudadana Orientada a la Formaci\u00f3n Policial<\/td>\n<td>Res. Min. ECyT 162\/14<\/td>\n<\/tr>\n<tr>\n<td style=\"text-align: center;\">2<\/td>\n<td>T.S. en Seguridad P\u00fablica y Ciudadana Orientada a la Formaci\u00f3n Penitenciaria<\/td>\n<td>Res. Min. ECyT 162\/14<\/td>\n<\/tr>\n<tr>\n<td style=\"text-align: center;\" width=\"128\">ISEF<\/td>\n<td>100002600<\/td>\n<td style=\"text-align: center;\">1<\/td>\n<td width=\"466\">Profesorado de Educaci\u00f3n F\u00edsica<\/td>\n<td>Res. Min. ECyT 117\/14<\/td>\n<\/tr>\n<tr>\n<td style=\"text-align: center;\" rowspan=\"9\" width=\"128\">ISAC<\/td>\n<td rowspan=\"9\">100004900<\/td>\n<td style=\"text-align: center;\">1<\/td>\n<td width=\"466\">Profesorado de Danzas<\/td>\n<td>Res. Min. ECyT 021\/13<\/td>\n<\/tr>\n<tr>\n<td style=\"text-align: center;\">2<\/td>\n<td width=\"466\">Profesorado de M\u00fasica<\/td>\n<td>Res. Min. ECyT 073\/13<\/td>\n<\/tr>\n<tr>\n<td style=\"text-align: center;\">3<\/td>\n<td width=\"466\">Profesorado de Artes Visuales<\/td>\n<td>Res. Min. ECyT 022\/13<\/td>\n<\/tr>\n<tr>\n<td style=\"text-align: center;\">4<\/td>\n<td width=\"466\">Profesorado de Teatro<\/td>\n<td>Res. Min. ECyT 023\/13<\/td>\n<\/tr>\n<tr>\n<td style=\"text-align: center;\">5<\/td>\n<td width=\"466\">Tecnicatura Superior en Comunicaci\u00f3n Social Orientada al Desarrollo Local<\/td>\n<td>Res. Min. ECyT 117\/14<\/td>\n<\/tr>\n<tr>\n<td style=\"text-align: center;\">6<\/td>\n<td width=\"466\">Tecnicatura Superior en Gesti\u00f3n Sociocultural<\/td>\n<td>Res. Min. ECyT 117\/14<\/td>\n<\/tr>\n<tr>\n<td style=\"text-align: center;\">7<\/td>\n<td width=\"466\">Locutor Integral para Radio y Televisi\u00f3n<\/td>\n<td>Res. Min. ECyT 117\/14<\/td>\n<\/tr>\n<tr>\n<td style=\"text-align: center;\">8<\/td>\n<td width=\"466\">Tecnicatura Superior de Bienes Culturales en Artes Visuales<\/td>\n<td>Res. Min. ECyT 777\/19<\/td>\n<\/tr>\n<tr>\n<td style=\"text-align: center;\">9<\/td>\n<td width=\"466\">Productor y Director para Radio y Televisi\u00f3n<\/td>\n<td>Res. Min. ECyT 117\/14<\/td>\n<\/tr>\n<tr>\n<td style=\"text-align: center;\" rowspan=\"9\" width=\"128\">GOBERNADOR JOSE CUBAS<\/td>\n<td rowspan=\"9\">100073500<\/td>\n<td style=\"text-align: center;\">1<\/td>\n<td width=\"466\">Profesorado de Educaci\u00f3n Inicial<\/td>\n<td>Res. Min. ECyT 1005\/18<\/td>\n<\/tr>\n<tr>\n<td style=\"text-align: center;\">2<\/td>\n<td width=\"466\">Profesorado de Educaci\u00f3n Primaria<\/td>\n<td>Res. Min. ECyT 1004\/18<\/td>\n<\/tr>\n<tr>\n<td style=\"text-align: center;\">3<\/td>\n<td width=\"466\">Profesorado de Educaci\u00f3n Tecnol\u00f3gica<\/td>\n<td>Res. Min. ECyT 117\/14<\/td>\n<\/tr>\n<tr>\n<td style=\"text-align: center;\">4<\/td>\n<td width=\"466\">Profesorado de Educaci\u00f3n Secundaria en Geograf\u00eda<\/td>\n<td>Res. Min. ECyT 117\/14<\/td>\n<\/tr>\n<tr>\n<td style=\"text-align: center;\">5<\/td>\n<td width=\"466\">Profesorado Superior en Ciencias de la Educaci\u00f3n<\/td>\n<td>Res. Min. ECyT 624\/15<\/td>\n<\/tr>\n<tr>\n<td style=\"text-align: center;\">6<\/td>\n<td width=\"466\">Tecnicatura Superior en Enfermer\u00eda<\/td>\n<td>Res. Min. ECyT 984\/16<\/td>\n<\/tr>\n<tr>\n<td style=\"text-align: center;\">7<\/td>\n<td width=\"466\">Tecnicatura Superior en Radiolog\u00eda<\/td>\n<td>Res. Min. ECyT 117\/14<\/td>\n<\/tr>\n<tr>\n<td style=\"text-align: center;\">8<\/td>\n<td width=\"466\">Tecnicatura Superior en Agente Sanitario y Promoci\u00f3n de la Salud<\/td>\n<td>Res. Min. E. 161\/24<\/td>\n<\/tr>\n<tr>\n<td style=\"text-align: center;\">9<\/td>\n<td width=\"466\">Tecnicatura Superior en Laboratorio de An\u00e1lisis Cl\u00ednicos<\/td>\n<td>Res. Min. ECyT 117\/14<\/td>\n<\/tr>\n<tr>\n<td style=\"text-align: center;\" rowspan=\"10\" width=\"128\">ESTANISLAO MALDONES<\/td>\n<td rowspan=\"10\">100074400<\/td>\n<td style=\"text-align: center;\">1<\/td>\n<td width=\"466\">Profesorado de Educaci\u00f3n Secundaria en Biolog\u00eda<\/td>\n<td>Res. Min. ECyT 084\/19<\/td>\n<\/tr>\n<tr>\n<td style=\"text-align: center;\">2<\/td>\n<td>Profesorado de Educaci\u00f3n Secundaria en Matem\u00e1tica<\/td>\n<td>Res. Min. ECyT 655\/15<\/td>\n<\/tr>\n<tr>\n<td style=\"text-align: center;\">3<\/td>\n<td>Profesorado de Educaci\u00f3n Secundaria en Historia<\/td>\n<td>Res. Min. ECyT 117\/14<\/td>\n<\/tr>\n<tr>\n<td style=\"text-align: center;\">4<\/td>\n<td>Profesorado de Educaci\u00f3n Secundaria en Qu\u00edmica<\/td>\n<td>Res. Min. ECyT 117\/14<\/td>\n<\/tr>\n<tr>\n<td style=\"text-align: center;\">5<\/td>\n<td>Tecnicatura Superior en Comunicaci\u00f3n Social Orientada al Desarrollo Local<\/td>\n<td>Res. Min. ECyT 117\/14<\/td>\n<\/tr>\n<tr>\n<td style=\"text-align: center;\">6<\/td>\n<td>Tecnicatura Superior en Instrumentaci\u00f3n Quir\u00fargica<\/td>\n<td>Res. Min. ECyT 117\/14<\/td>\n<\/tr>\n<tr>\n<td style=\"text-align: center;\">7<\/td>\n<td>Locutor Integral para Radio y Televisi\u00f3n<\/td>\n<td>Res. Min. ECyT 117\/14<\/td>\n<\/tr>\n<tr>\n<td style=\"text-align: center;\">8<\/td>\n<td>Tecnicatura Superior en Esterilizaci\u00f3n<\/td>\n<td>Res. Min. ECyT 165\/23<\/td>\n<\/tr>\n<tr>\n<td style=\"text-align: center;\">9<\/td>\n<td>Tecnicatura Superior en Tecnolog\u00eda de los Alimentos<\/td>\n<td>Res. Min. ECyT 117\/14<\/td>\n<\/tr>\n<tr>\n<td style=\"text-align: center;\">10<\/td>\n<td>Tecnicatura Superior en Administraci\u00f3n y Gesti\u00f3n de Empresas de Alojamiento y Gastron\u00f3micas<\/td>\n<td>Res. Min. ECyT 1215\/16<\/td>\n<\/tr>\n<tr>\n<td style=\"text-align: center;\" rowspan=\"8\" width=\"128\">CAPAYAN<\/td>\n<td rowspan=\"8\">100042200<\/td>\n<td style=\"text-align: center;\">1<\/td>\n<td width=\"466\">Profesorado de Ingl\u00e9s<\/td>\n<td>Res. Min. ECyT 117\/14<\/td>\n<\/tr>\n<tr>\n<td style=\"text-align: center;\">2<\/td>\n<td width=\"466\">Profesorado de Danzas<\/td>\n<td>Res. Min. ECyT 021\/13<\/td>\n<\/tr>\n<tr>\n<td style=\"text-align: center;\">3<\/td>\n<td width=\"466\">Profesorado de Teatro<\/td>\n<td width=\"119\">Res. Min. ECyT 023\/13<\/td>\n<\/tr>\n<tr>\n<td style=\"text-align: center;\">4<\/td>\n<td width=\"466\">Profesorado de M\u00fasica<\/td>\n<td>Res. Min. ECyT 073\/13<\/td>\n<\/tr>\n<tr>\n<td style=\"text-align: center;\">5<\/td>\n<td width=\"466\">Tecnicatura Superior en Enfermar\u00eda<\/td>\n<td width=\"119\">Res. Min. ECyT 984\/16<\/td>\n<\/tr>\n<tr>\n<td style=\"text-align: center;\">6<\/td>\n<td width=\"466\">Tecnicatura Superior en Gesti\u00f3n de la Producci\u00f3n Agropecuaria<\/td>\n<td>Res. Min. 1446\/14<\/td>\n<\/tr>\n<tr>\n<td style=\"text-align: center;\">7<\/td>\n<td width=\"466\">Tecnicatura Superior en Laboratorio de An\u00e1lisis Cl\u00ednicos<\/td>\n<td>Res. Min. ECyT 117\/14<\/td>\n<\/tr>\n<tr>\n<td style=\"text-align: center;\">8<\/td>\n<td width=\"466\">Tecnicatura Superior en Turismo<\/td>\n<td>Res. Min. 134\/19<\/td>\n<\/tr>\n<tr>\n<td style=\"text-align: center;\" rowspan=\"9\" width=\"128\">POMAN<\/td>\n<td style=\"text-align: center;\" rowspan=\"9\">100062700<\/td>\n<td style=\"text-align: center;\">1<\/td>\n<td width=\"466\">Profesorado de Artes Visuales<\/td>\n<td>Res. Min. ECyT 022\/13<\/td>\n<\/tr>\n<tr>\n<td style=\"text-align: center;\">2<\/td>\n<td width=\"466\">Profesorado de M\u00fasica<\/td>\n<td>Res. Min. ECyT 073\/13<\/td>\n<\/tr>\n<tr>\n<td style=\"text-align: center;\">3<\/td>\n<td width=\"466\">Profesorado de Danzas<\/td>\n<td>Res. Min. ECyT 021\/13<\/td>\n<\/tr>\n<tr>\n<td style=\"text-align: center;\">4<\/td>\n<td width=\"466\">Profesorado de Ingl\u00e9s<\/td>\n<td>Res. Min. ECyT 117\/14<\/td>\n<\/tr>\n<tr>\n<td style=\"text-align: center;\">5<\/td>\n<td width=\"466\">Profesorado de Educaci\u00f3n Secundaria en Historia<\/td>\n<td>Res. Min. ECyT 117\/14<\/td>\n<\/tr>\n<tr>\n<td style=\"text-align: center;\">6<\/td>\n<td width=\"466\">Profesorado Superior en Ciencias de la Educaci\u00f3n<\/td>\n<td>Res. Min. ECyT 624\/15<\/td>\n<\/tr>\n<tr>\n<td style=\"text-align: center;\">7<\/td>\n<td>Profesorado de Educaci\u00f3n Especial con Orientaci\u00f3n en Discapacidad Intelectual<\/td>\n<td>Res. Min. ECyT 968\/18<\/td>\n<\/tr>\n<tr>\n<td style=\"text-align: center;\">8<\/td>\n<td width=\"466\">Tecnicatura Superior en Enolog\u00eda y Vitivinicultura<\/td>\n<td>Decreto ECCyT 270\/07<\/td>\n<\/tr>\n<tr>\n<td style=\"text-align: center;\">9<\/td>\n<td width=\"466\">Tecnicatura Superior en Enfermer\u00eda<\/td>\n<td>Res. Min. ECyT 984\/16<\/td>\n<\/tr>\n<tr>\n<td style=\"text-align: center;\" rowspan=\"8\" width=\"128\">BELEN<\/td>\n<td style=\"text-align: center;\" rowspan=\"8\">100033700<\/td>\n<td style=\"text-align: center;\">1<\/td>\n<td width=\"466\">Profesorado de Educaci\u00f3n Primaria<\/td>\n<td>Res. Min. ECyT 1004\/18<\/td>\n<\/tr>\n<tr>\n<td style=\"text-align: center;\">2<\/td>\n<td width=\"466\">Profesorado de Educaci\u00f3n Secundaria en Historia<\/td>\n<td>Res. Min. ECyT 117\/14<\/td>\n<\/tr>\n<tr>\n<td style=\"text-align: center;\">3<\/td>\n<td width=\"466\">Profesorado de Ingl\u00e9s<\/td>\n<td>Res. Min. ECyT 117\/14<\/td>\n<\/tr>\n<tr>\n<td style=\"text-align: center;\">4<\/td>\n<td width=\"466\">Profesorado de Educaci\u00f3n Secundaria en Qu\u00edmica<\/td>\n<td>Res. Min. ECyT 117\/14<\/td>\n<\/tr>\n<tr>\n<td style=\"text-align: center;\">5<\/td>\n<td width=\"466\">Tecnicatura Superior en Tecnolog\u00eda de los Alimentos<\/td>\n<td>Res. Min. ECyT 117\/14<\/td>\n<\/tr>\n<tr>\n<td style=\"text-align: center;\">6<\/td>\n<td width=\"466\">Tecnicatura Superior en Enfermer\u00eda<\/td>\n<td>Res. Min. ECyT 984\/16<\/td>\n<\/tr>\n<tr>\n<td style=\"text-align: center;\">7<\/td>\n<td width=\"466\">Tecnicatura Superior en Seguridad, Higiene y Control Ambiental-Industrial<\/td>\n<td>Res. Min. ECyT 117\/14<\/td>\n<\/tr>\n<tr>\n<td style=\"text-align: center;\">8<\/td>\n<td>Tecnicatura Superior en Administraci\u00f3n y Gesti\u00f3n de Empresas de Alojamiento y Gastron\u00f3micas<\/td>\n<td>Res. Min. ECyT 1215\/16<\/td>\n<\/tr>\n<tr>\n<td style=\"text-align: center;\" rowspan=\"9\" width=\"128\">ANDALGALA<\/td>\n<td style=\"text-align: center;\" rowspan=\"9\">100024500<\/td>\n<td style=\"text-align: center;\">1<\/td>\n<td width=\"466\">Profesorado de Educaci\u00f3n Secundaria en Geograf\u00eda<\/td>\n<td>Res. Min. ECyT 117\/14<\/td>\n<\/tr>\n<tr>\n<td style=\"text-align: center;\">2<\/td>\n<td width=\"466\">Profesorado de Educaci\u00f3n Tecnol\u00f3gica<\/td>\n<td>Res. Min. ECyT 117\/14<\/td>\n<\/tr>\n<tr>\n<td style=\"text-align: center;\">3<\/td>\n<td width=\"466\">Profesorado de Ingl\u00e9s<\/td>\n<td>Res. Min. ECyT 117\/14<\/td>\n<\/tr>\n<tr>\n<td style=\"text-align: center;\">4<\/td>\n<td width=\"466\">Profesorado de Danzas<\/td>\n<td>Res. Min. ECyT 021\/13<\/td>\n<\/tr>\n<tr>\n<td style=\"text-align: center;\">5<\/td>\n<td>Tecnicatura Superior en Administraci\u00f3n y Gesti\u00f3n de Empresas de Alojamiento y Gastron\u00f3micas<\/td>\n<td>Res. Min. ECyT 1215\/16<\/td>\n<\/tr>\n<tr>\n<td style=\"text-align: center;\">6<\/td>\n<td width=\"466\">Tecnicatura Superior en Seguridad, Higiene y Control Ambiental-Industrial<\/td>\n<td>Res. Min. ECyT 117\/14<\/td>\n<\/tr>\n<tr>\n<td style=\"text-align: center;\">7<\/td>\n<td width=\"466\">Tecnicatura Superior en Turismo<\/td>\n<td>Res. Min. 134\/19<\/td>\n<\/tr>\n<tr>\n<td style=\"text-align: center;\">8<\/td>\n<td width=\"466\">Tecnicatura Superior en Procesos Mineros<\/td>\n<td>Res. Min. ECyT 457\/18<\/td>\n<\/tr>\n<tr>\n<td style=\"text-align: center;\">9<\/td>\n<td width=\"466\">Tecnicatura Superior en Enfermer\u00eda<\/td>\n<td>Res. Min. ECyT 984\/16<\/td>\n<\/tr>\n<tr>\n<td style=\"text-align: center;\" rowspan=\"9\" width=\"128\">SANTA MARIA<\/td>\n<td rowspan=\"9\">100073100<\/td>\n<td style=\"text-align: center;\">1<\/td>\n<td width=\"466\">Profesorado de Educaci\u00f3n Secundaria en Historia<\/td>\n<td>Res. Min. ECyT 117\/14<\/td>\n<\/tr>\n<tr>\n<td style=\"text-align: center;\">2<\/td>\n<td width=\"466\">Profesorado de Educaci\u00f3n Secundaria en Geograf\u00eda<\/td>\n<td>Res. Min. ECyT 117\/14<\/td>\n<\/tr>\n<tr>\n<td style=\"text-align: center;\">3<\/td>\n<td width=\"466\">Profesorado de Educaci\u00f3n Secundaria en Qu\u00edmica<\/td>\n<td>Res. Min. ECyT 117\/14<\/td>\n<\/tr>\n<tr>\n<td style=\"text-align: center;\">4<\/td>\n<td width=\"466\">Profesorado de Ingl\u00e9s<\/td>\n<td>Res. Min. ECyT 117\/14<\/td>\n<\/tr>\n<tr>\n<td style=\"text-align: center;\">5<\/td>\n<td width=\"466\">Tecnicatura Superior en Desarrollo de Software<\/td>\n<td>Res. Min. ECyT 974\/15<\/td>\n<\/tr>\n<tr>\n<td style=\"text-align: center;\">6<\/td>\n<td width=\"466\">Tecnicatura Superior en Gesti\u00f3n de Energ\u00edas Renovables<\/td>\n<td>Res. Min. ECyT 1266\/16<\/td>\n<\/tr>\n<tr>\n<td style=\"text-align: center;\">7<\/td>\n<td width=\"466\">Tecnicatura Superior en Producci\u00f3n Agraria para Zonas \u00c1ridas<\/td>\n<td>Decreto ECyT 509\/07<\/td>\n<\/tr>\n<tr>\n<td style=\"text-align: center;\">8<\/td>\n<td width=\"466\">Tecnicatura Superior en Seguridad, Higiene y Control Ambiental-Industrial<\/td>\n<td>Res. Min. ECyT 117\/14<\/td>\n<\/tr>\n<tr>\n<td style=\"text-align: center;\">9<\/td>\n<td>Tecnicatura Superior en Administraci\u00f3n y Gesti\u00f3n de Empresas de Alojamiento y Gastron\u00f3micas<\/td>\n<td>Res. Min. ECyT 1215\/16<\/td>\n<\/tr>\n<tr>\n<td style=\"text-align: center;\" rowspan=\"7\" width=\"128\">FIAMBALA<\/td>\n<td rowspan=\"7\">100086200<\/td>\n<td style=\"text-align: center;\">1<\/td>\n<td>Profesorado de Educaci\u00f3n Especial con Orientaci\u00f3n en Discapacidad Intelectual<\/td>\n<td>Res. Min. ECyT 968\/18<\/td>\n<\/tr>\n<tr>\n<td style=\"text-align: center;\">2<\/td>\n<td width=\"466\">Profesorado de Educaci\u00f3n Primaria<\/td>\n<td>Res. Min. ECyT 1004\/18<\/td>\n<\/tr>\n<tr>\n<td style=\"text-align: center;\">3<\/td>\n<td width=\"466\">Profesorado de M\u00fasica<\/td>\n<td>Res. Min. ECyT 073\/13<\/td>\n<\/tr>\n<tr>\n<td style=\"text-align: center;\">4<\/td>\n<td width=\"466\">Profesorado de Educaci\u00f3n Tecnol\u00f3gica<\/td>\n<td>Res. Min. ECyT 117\/14<\/td>\n<\/tr>\n<tr>\n<td style=\"text-align: center;\">5<\/td>\n<td width=\"466\">Tecnicatura Superior en Seguridad, Higiene y Control Ambiental-Industrial<\/td>\n<td>Res. Min. ECyT 117\/14<\/td>\n<\/tr>\n<tr>\n<td style=\"text-align: center;\">6<\/td>\n<td width=\"466\">Tecnicatura Superior en Procesos Mineros<\/td>\n<td>Res. Min. ECyT 457\/18<\/td>\n<\/tr>\n<tr>\n<td style=\"text-align: center;\">7<\/td>\n<td>Tecnicatura Superior en Qu\u00edmica Minera<\/td>\n<td>Res. Min. E. 166\/23<\/td>\n<\/tr>\n<tr>\n<td style=\"text-align: center;\" rowspan=\"9\" width=\"128\">TINOGASTA<\/td>\n<td rowspan=\"9\">100022400<\/td>\n<td style=\"text-align: center;\">1<\/td>\n<td width=\"466\">Profesorado de Ingl\u00e9s<\/td>\n<td>Res. Min. ECyT 117\/14<\/td>\n<\/tr>\n<tr>\n<td style=\"text-align: center;\">2<\/td>\n<td width=\"466\">Profesorado de Educaci\u00f3n Secundaria en F\u00edsica<\/td>\n<td>Res. Min. ECyT 654\/15<\/td>\n<\/tr>\n<tr>\n<td style=\"text-align: center;\">3<\/td>\n<td width=\"466\">Profesorado de Educaci\u00f3n Secundaria en Qu\u00edmica<\/td>\n<td>Res. Min. ECyT 117\/14<\/td>\n<\/tr>\n<tr>\n<td style=\"text-align: center;\">4<\/td>\n<td width=\"466\">Profesorado de Artes Visuales<\/td>\n<td>Res. Min. ECyT 022\/13<\/td>\n<\/tr>\n<tr>\n<td style=\"text-align: center;\">5<\/td>\n<td width=\"466\">Profesorado de Educaci\u00f3n Primaria<\/td>\n<td>Res. Min. ECyT 1004\/18<\/td>\n<\/tr>\n<tr>\n<td style=\"text-align: center;\">6<\/td>\n<td width=\"466\">Tecnicatura Superior en Turismo<\/td>\n<td>Res. Min. ECyT 134\/19<\/td>\n<\/tr>\n<tr>\n<td style=\"text-align: center;\">7<\/td>\n<td width=\"466\">Tecnicatura Superior en Enolog\u00eda y Vitivinicultura<\/td>\n<td>Decreto ECCyT 270\/07<\/td>\n<\/tr>\n<tr>\n<td style=\"text-align: center;\">8<\/td>\n<td width=\"466\">Tecnicatura Superior en Seguridad, Higiene y Control Ambiental-Industrial<\/td>\n<td>Res. Min. ECyT 117\/14<\/td>\n<\/tr>\n<tr>\n<td style=\"text-align: center;\">9<\/td>\n<td width=\"466\">Tecnicatura Superior en Desarrollo de Software<\/td>\n<td>Res. Min. ECyT 974\/15<\/td>\n<\/tr>\n<tr>\n<td style=\"text-align: center;\" rowspan=\"8\" width=\"128\">RECREO<\/td>\n<td rowspan=\"8\">100011800<\/td>\n<td style=\"text-align: center;\">1<\/td>\n<td width=\"466\">Profesorado de Educaci\u00f3n Secundaria en Geograf\u00eda<\/td>\n<td>Res. Min. ECyT 117\/14<\/td>\n<\/tr>\n<tr>\n<td style=\"text-align: center;\">2<\/td>\n<td width=\"466\">Profesorado de Educaci\u00f3n Secundaria en Historia<\/td>\n<td>Res. Min. ECyT 117\/14<\/td>\n<\/tr>\n<tr>\n<td style=\"text-align: center;\">3<\/td>\n<td width=\"466\">Profesorado de Educaci\u00f3n Secundaria en Matem\u00e1tica<\/td>\n<td>Res. Min. ECyT 655\/15<\/td>\n<\/tr>\n<tr>\n<td style=\"text-align: center;\">4<\/td>\n<td width=\"466\">Profesorado de Ingl\u00e9s<\/td>\n<td>Res. Min. ECyT 117\/14<\/td>\n<\/tr>\n<tr>\n<td style=\"text-align: center;\">5<\/td>\n<td width=\"466\">Profesorado de Educaci\u00f3n Secundaria en Biolog\u00eda<\/td>\n<td>Res. Min. ECyT 084\/19<\/td>\n<\/tr>\n<tr>\n<td style=\"text-align: center;\">6<\/td>\n<td width=\"466\">Profesorado de Artes Visuales<\/td>\n<td>Res. Min. ECyT 022\/13<\/td>\n<\/tr>\n<tr>\n<td style=\"text-align: center;\">7<\/td>\n<td width=\"466\">Tecnicatura Superior en Tecnolog\u00eda de los Alimentos<\/td>\n<td>Res. Min. ECyT 117\/14<\/td>\n<\/tr>\n<tr>\n<td style=\"text-align: center;\">8<\/td>\n<td width=\"466\">Tecnicatura Superior en Enfermer\u00eda<\/td>\n<td>Res. Min. ECyT 984\/16<\/td>\n<\/tr>\n<tr>\n<td style=\"text-align: center;\" rowspan=\"7\" width=\"128\">SANTA ROSA<\/td>\n<td rowspan=\"7\">100041600<\/td>\n<td style=\"text-align: center;\">1<\/td>\n<td width=\"466\">Profesorado de Educaci\u00f3n Secundaria en Historia<\/td>\n<td>Res. Min. ECyT 117\/14<\/td>\n<\/tr>\n<tr>\n<td style=\"text-align: center;\">2<\/td>\n<td width=\"466\">Profesorado de Educaci\u00f3n Secundaria en Biolog\u00eda<\/td>\n<td>Res. Min. ECyT 084\/19<\/td>\n<\/tr>\n<tr>\n<td style=\"text-align: center;\">3<\/td>\n<td width=\"466\">Profesorado de Educaci\u00f3n Secundaria en Qu\u00edmica<\/td>\n<td>Res. Min. ECyT 117\/14<\/td>\n<\/tr>\n<tr>\n<td style=\"text-align: center;\">4<\/td>\n<td width=\"466\">Profesorado de M\u00fasica<\/td>\n<td>Res. Min. ECyT 073\/13<\/td>\n<\/tr>\n<tr>\n<td style=\"text-align: center;\">5<\/td>\n<td width=\"466\">Profesorado de Ingl\u00e9s<\/td>\n<td>Res. Min. ECyT 117\/14<\/td>\n<\/tr>\n<tr>\n<td style=\"text-align: center;\">6<\/td>\n<td>Profesorado de Educaci\u00f3n Especial con Orientaci\u00f3n en Discapacidad Intelectual<\/td>\n<td>Res. Min. ECyT 968\/18<\/td>\n<\/tr>\n<tr>\n<td style=\"text-align: center;\">7<\/td>\n<td width=\"466\">Tecnicatura Superior en Tecnolog\u00eda de los Alimentos<\/td>\n<td>Res. Min. ECyT 117\/14<\/td>\n<\/tr>\n<\/tbody>\n<\/table>\n","protected":false},"excerpt":{"rendered":"<p>INSTITUTO CUE N.\u00ba CARRERAS ESTRUCTURA CURRICULAR CLARA J. ARMSTRONG 100073300 1 Profesorado de Educaci\u00f3n Secundaria en Ciencias Pol\u00edticas Res. Min. ECyT 117\/14 2 Profesorado de Educaci\u00f3n Tecnol\u00f3gica Res. Min. ECyT 117\/14 3 Profesorado de Educaci\u00f3n Secundaria en Matem\u00e1tica Res. Min. ECyT 655\/15 4 Profesorado de Educaci\u00f3n Secundaria en Lengua y Literatura Res. Min. ECyT 973\/15 &#8230; <a title=\"OFERTA ACADEMICA 2024\" class=\"read-more\" href=\"https:\/\/des-cat.infd.edu.ar\/sitio\/oferta-academica-2024\/\" aria-label=\"More on OFERTA ACADEMICA 2024\">[+]<\/a><\/p>\n","protected":false},"author":45,"featured_media":0,"parent":0,"menu_order":0,"comment_status":"closed","ping_status":"closed","template":"","meta":[],"acf":[],"_links":{"self":[{"href":"https:\/\/des-cat.infd.edu.ar\/sitio\/wp-json\/wp\/v2\/pages\/3457"}],"collection":[{"href":"https:\/\/des-cat.infd.edu.ar\/sitio\/wp-json\/wp\/v2\/pages"}],"about":[{"href":"https:\/\/des-cat.infd.edu.ar\/sitio\/wp-json\/wp\/v2\/types\/page"}],"author":[{"embeddable":true,"href":"https:\/\/des-cat.infd.edu.ar\/sitio\/wp-json\/wp\/v2\/users\/45"}],"replies":[{"embeddable":true,"href":"https:\/\/des-cat.infd.edu.ar\/sitio\/wp-json\/wp\/v2\/comments?post=3457"}],"version-history":[{"count":30,"href":"https:\/\/des-cat.infd.edu.ar\/sitio\/wp-json\/wp\/v2\/pages\/3457\/revisions"}],"predecessor-version":[{"id":3487,"href":"https:\/\/des-cat.infd.edu.ar\/sitio\/wp-json\/wp\/v2\/pages\/3457\/revisions\/3487"}],"wp:attachment":[{"href":"https:\/\/des-cat.infd.edu.ar\/sitio\/wp-json\/wp\/v2\/media?parent=3457"}],"curies":[{"name":"wp","href":"https:\/\/api.w.org\/{rel}","templated":true}]}}