{"id":2711,"date":"2023-06-12T10:23:37","date_gmt":"2023-06-12T13:23:37","guid":{"rendered":"https:\/\/des-cat.infd.edu.ar\/sitio\/?page_id=2711"},"modified":"2025-09-28T02:53:55","modified_gmt":"2025-09-28T05:53:55","slug":"siu-guarani","status":"publish","type":"page","link":"https:\/\/des-cat.infd.edu.ar\/sitio\/siu-guarani\/","title":{"rendered":"SIU-GUARANI"},"content":{"rendered":"\n<p class=\"has-base-3-color has-midnight-gradient-background has-text-color has-background has-medium-font-size\">La Direcci\u00f3n Provincial de Educaci\u00f3n Superior informa que se encuentra disponible el <strong>Curso de Autogesti\u00f3n para docentes SIU-Guaran\u00ed Catamarc<\/strong>a. El mismo consta de cuatro m\u00f3dulos y un formulario de evaluaci\u00f3n final, que al completarse satisfactoriamente, otorga Certificado de Aprobaci\u00f3n.<\/p>\n\n\n\n<p class=\"has-base-3-color has-midnight-gradient-background has-text-color has-background has-medium-font-size\">El cursado de la capacitaci\u00f3n cuenta con elementos interactivos para navegar entre diapositivas. Para una mejor visualizaci\u00f3n del contenido, se recomienda maximizar la pantalla haciendo clic en el bot\u00f3n <img decoding=\"async\" loading=\"lazy\" width=\"43\" height=\"49\" class=\"wp-image-2723\" style=\"width: 24px;\" src=\"https:\/\/des-cat.infd.edu.ar\/sitio\/wp-content\/uploads\/2023\/06\/image.png\" alt=\"\"> ubicado en el margen inferior derecho de cada m\u00f3dulo.<\/p>\n\n\n\n<hr class=\"wp-block-separator has-alpha-channel-opacity\"\/>\n\n\n\n<div style=\"width: 100%;\"><div style=\"position: relative; padding-bottom: 69.28%; padding-top: 0; height: 0;\"><iframe loading=\"lazy\" title=\"M\u00f3dulo 1 - CURSO DE AUTOGESTION SIU GUARANI CATAMARCA\" frameborder=\"0\" width=\"1080\" height=\"748.2511210762332\" style=\"position: absolute; top: 0; left: 0; width: 100%; height: 100%;\" src=\"https:\/\/view.genial.ly\/644403e82b0e67001724eee6\" type=\"text\/html\" allowscriptaccess=\"always\" allowfullscreen=\"true\" scrolling=\"yes\" allownetworking=\"all\"><\/iframe> <\/div> <\/div>\n\n\n\n<hr class=\"wp-block-separator has-alpha-channel-opacity\"\/>\n\n\n\n<div style=\"width: 100%;\"><div style=\"position: relative; padding-bottom: 69.28%; padding-top: 0; height: 0;\"><iframe loading=\"lazy\" title=\"M\u00f3dulo 2 - CURSO DE AUTOAGESTION SIU GUARANI CATAMARCA\" frameborder=\"0\" width=\"1080\" height=\"748.2511210762332\" style=\"position: absolute; top: 0; left: 0; width: 100%; height: 100%;\" src=\"https:\/\/view.genial.ly\/645a2c906a2b39001ac637f1\" type=\"text\/html\" allowscriptaccess=\"always\" allowfullscreen=\"true\" scrolling=\"yes\" allownetworking=\"all\"><\/iframe> <\/div> <\/div>\n\n\n\n<hr class=\"wp-block-separator has-alpha-channel-opacity\"\/>\n\n\n\n<div style=\"width: 100%;\"><div style=\"position: relative; padding-bottom: 69.28%; padding-top: 0; height: 0;\"><iframe loading=\"lazy\" title=\"M\u00f3dulo 3 - CURSO DE AUTOGESTION SIU GUARANI CATAMARCA\" frameborder=\"0\" width=\"1080\" height=\"748.2511210762332\" style=\"position: absolute; top: 0; left: 0; width: 100%; height: 100%;\" src=\"https:\/\/view.genial.ly\/646b6e6a9fb8bf00120b4bcc\" type=\"text\/html\" allowscriptaccess=\"always\" allowfullscreen=\"true\" scrolling=\"yes\" allownetworking=\"all\"><\/iframe> <\/div> <\/div>\n\n\n\n<hr class=\"wp-block-separator has-alpha-channel-opacity\"\/>\n\n\n\n<div style=\"width: 100%;\"><div style=\"position: relative; padding-bottom: 69.28%; padding-top: 0; height: 0;\"><iframe loading=\"lazy\" title=\"M\u00f3dulo 4 - CURSO DE AUTOGESTION SIU GUARANI CATAMARCA\" frameborder=\"0\" width=\"1080\" height=\"748.2511210762332\" style=\"position: absolute; top: 0; left: 0; width: 100%; height: 100%;\" src=\"https:\/\/view.genial.ly\/646ca9759f3bd70011a15bc4\" type=\"text\/html\" allowscriptaccess=\"always\" allowfullscreen=\"true\" scrolling=\"yes\" allownetworking=\"all\"><\/iframe> <\/div> <\/div>\n\n\n\n<hr class=\"wp-block-separator has-alpha-channel-opacity\"\/>\n\n\n\n<p class=\"has-pale-ocean-gradient-background has-background has-large-font-size\">Una vez completado el cursado de los cuatro m\u00f3dulos puede acceder al <a href=\"https:\/\/forms.gle\/TR3ET5ybVDatkrXw6\">FORMULARIO DE EVALUACI\u00d3N<\/a><\/p>\n","protected":false},"excerpt":{"rendered":"<p>La Direcci\u00f3n Provincial de Educaci\u00f3n Superior informa que se encuentra disponible el Curso de Autogesti\u00f3n para docentes SIU-Guaran\u00ed Catamarca. El mismo consta de cuatro m\u00f3dulos y un formulario de evaluaci\u00f3n final, que al completarse satisfactoriamente, otorga Certificado de Aprobaci\u00f3n. El cursado de la capacitaci\u00f3n cuenta con elementos interactivos para navegar entre diapositivas. Para una mejor &#8230; <a title=\"SIU-GUARANI\" class=\"read-more\" href=\"https:\/\/des-cat.infd.edu.ar\/sitio\/siu-guarani\/\" aria-label=\"More on SIU-GUARANI\">[+]<\/a><\/p>\n","protected":false},"author":45,"featured_media":0,"parent":0,"menu_order":0,"comment_status":"closed","ping_status":"closed","template":"","meta":[],"acf":[],"_links":{"self":[{"href":"https:\/\/des-cat.infd.edu.ar\/sitio\/wp-json\/wp\/v2\/pages\/2711"}],"collection":[{"href":"https:\/\/des-cat.infd.edu.ar\/sitio\/wp-json\/wp\/v2\/pages"}],"about":[{"href":"https:\/\/des-cat.infd.edu.ar\/sitio\/wp-json\/wp\/v2\/types\/page"}],"author":[{"embeddable":true,"href":"https:\/\/des-cat.infd.edu.ar\/sitio\/wp-json\/wp\/v2\/users\/45"}],"replies":[{"embeddable":true,"href":"https:\/\/des-cat.infd.edu.ar\/sitio\/wp-json\/wp\/v2\/comments?post=2711"}],"version-history":[{"count":11,"href":"https:\/\/des-cat.infd.edu.ar\/sitio\/wp-json\/wp\/v2\/pages\/2711\/revisions"}],"predecessor-version":[{"id":3706,"href":"https:\/\/des-cat.infd.edu.ar\/sitio\/wp-json\/wp\/v2\/pages\/2711\/revisions\/3706"}],"wp:attachment":[{"href":"https:\/\/des-cat.infd.edu.ar\/sitio\/wp-json\/wp\/v2\/media?parent=2711"}],"curies":[{"name":"wp","href":"https:\/\/api.w.org\/{rel}","templated":true}]}}